{"id":23,"date":"2016-11-03T15:35:34","date_gmt":"2016-11-03T18:35:34","guid":{"rendered":"http:\/\/iaengenharia.com.br\/wp\/?page_id=23"},"modified":"2022-04-04T16:43:01","modified_gmt":"2022-04-04T19:43:01","slug":"orcamento","status":"publish","type":"page","link":"http:\/\/iaengenharia.com.br\/wp\/?page_id=23","title":{"rendered":"Or\u00e7amento"},"content":{"rendered":"<div role=\"form\" class=\"wpcf7\" id=\"wpcf7-f123-o1\" lang=\"pt-BR\" dir=\"ltr\">\n<div class=\"screen-reader-response\"><p role=\"status\" aria-live=\"polite\" aria-atomic=\"true\"><\/p> <ul><\/ul><\/div>\n<form action=\"\/wp\/index.php?rest_route=%2Fwp%2Fv2%2Fpages%2F23#wpcf7-f123-o1\" method=\"post\" class=\"wpcf7-form init\" novalidate=\"novalidate\" data-status=\"init\">\n<div style=\"display: none;\">\n<input type=\"hidden\" name=\"_wpcf7\" value=\"123\" \/>\n<input type=\"hidden\" name=\"_wpcf7_version\" value=\"5.5.6\" \/>\n<input type=\"hidden\" name=\"_wpcf7_locale\" value=\"pt_BR\" \/>\n<input type=\"hidden\" name=\"_wpcf7_unit_tag\" value=\"wpcf7-f123-o1\" \/>\n<input type=\"hidden\" name=\"_wpcf7_container_post\" value=\"0\" \/>\n<input type=\"hidden\" name=\"_wpcf7_posted_data_hash\" value=\"\" \/>\n<\/div>\n<p>Obs: Todos os campos desse formul\u00e1rio ser\u00e3o necess\u00e1rio ser preenchidos.<\/p>\n<p>Nome<br \/>\n<span class=\"wpcf7-form-control-wrap Nome\"><input type=\"text\" name=\"Nome\" value=\"\" size=\"40\" class=\"wpcf7-form-control wpcf7-text wpcf7-validates-as-required form-control\" id=\"nome_form\" aria-required=\"true\" aria-invalid=\"false\" \/><\/span>\n<\/p>\n<p>E-mail<br \/>\n<span class=\"wpcf7-form-control-wrap E-mail\"><input type=\"text\" name=\"E-mail\" value=\"\" size=\"40\" class=\"wpcf7-form-control wpcf7-text wpcf7-validates-as-required form-control\" id=\"email_form\" aria-required=\"true\" aria-invalid=\"false\" \/><\/span>\n<\/p>\n<p>Telefone<br \/>\n<span class=\"wpcf7-form-control-wrap Fone\"><input type=\"text\" name=\"Fone\" value=\"\" size=\"40\" class=\"wpcf7-form-control wpcf7-text wpcf7-validates-as-required form-control\" id=\"fone_form\" aria-required=\"true\" aria-invalid=\"false\" \/><\/span>\n<\/p>\n<p>Assunto<br \/>\n<span class=\"wpcf7-form-control-wrap Assunto\"><input type=\"text\" name=\"Assunto\" value=\"\" size=\"40\" class=\"wpcf7-form-control wpcf7-text wpcf7-validates-as-required form-control\" id=\"assunto_form\" aria-required=\"true\" aria-invalid=\"false\" \/><\/span>\n<\/p>\n<p>Mensagem<br \/>\n<span class=\"wpcf7-form-control-wrap Mensagem\"><textarea name=\"Mensagem\" cols=\"40\" rows=\"10\" class=\"wpcf7-form-control wpcf7-textarea wpcf7-validates-as-required form-control\" id=\"msg_form\" aria-required=\"true\" aria-invalid=\"false\"><\/textarea><\/span>\n<\/p>\n<p><input type=\"submit\" value=\"Enviar\" class=\"wpcf7-form-control has-spinner wpcf7-submit btn btn-default\" id=\"enviar_form\" \/><\/p>\n<div class=\"wpcf7-response-output\" aria-hidden=\"true\"><\/div><\/form><\/div>\n","protected":false},"excerpt":{"rendered":"","protected":false},"author":1,"featured_media":0,"parent":0,"menu_order":0,"comment_status":"closed","ping_status":"closed","template":"","meta":[],"_links":{"self":[{"href":"http:\/\/iaengenharia.com.br\/wp\/index.php?rest_route=\/wp\/v2\/pages\/23"}],"collection":[{"href":"http:\/\/iaengenharia.com.br\/wp\/index.php?rest_route=\/wp\/v2\/pages"}],"about":[{"href":"http:\/\/iaengenharia.com.br\/wp\/index.php?rest_route=\/wp\/v2\/types\/page"}],"author":[{"embeddable":true,"href":"http:\/\/iaengenharia.com.br\/wp\/index.php?rest_route=\/wp\/v2\/users\/1"}],"replies":[{"embeddable":true,"href":"http:\/\/iaengenharia.com.br\/wp\/index.php?rest_route=%2Fwp%2Fv2%2Fcomments&post=23"}],"version-history":[{"count":3,"href":"http:\/\/iaengenharia.com.br\/wp\/index.php?rest_route=\/wp\/v2\/pages\/23\/revisions"}],"predecessor-version":[{"id":153,"href":"http:\/\/iaengenharia.com.br\/wp\/index.php?rest_route=\/wp\/v2\/pages\/23\/revisions\/153"}],"wp:attachment":[{"href":"http:\/\/iaengenharia.com.br\/wp\/index.php?rest_route=%2Fwp%2Fv2%2Fmedia&parent=23"}],"curies":[{"name":"wp","href":"https:\/\/api.w.org\/{rel}","templated":true}]}}